{"id":2051,"date":"2022-05-02T15:27:15","date_gmt":"2022-05-02T20:27:15","guid":{"rendered":"https:\/\/www.peruvolunteerandtravel.com\/?page_id=2051"},"modified":"2025-12-27T12:47:11","modified_gmt":"2025-12-27T17:47:11","slug":"termos-e-condicoes","status":"publish","type":"page","link":"https:\/\/www.peruvolunteerandtravel.com\/pt-pt\/termos-e-condicoes\/","title":{"rendered":"Termos e Condi\u00e7\u00f5es"},"content":{"rendered":"\t\t<div data-elementor-type=\"wp-page\" data-elementor-id=\"2051\" class=\"elementor elementor-2051 elementor-1861\" data-elementor-post-type=\"page\">\n\t\t\t\t\t\t<section class=\"elementor-section elementor-top-section elementor-element elementor-element-07cb718 elementor-section-boxed elementor-section-height-default elementor-section-height-default\" data-id=\"07cb718\" data-element_type=\"section\" data-settings=\"{&quot;background_background&quot;:&quot;classic&quot;}\">\n\t\t\t\t\t\t\t<div class=\"elementor-background-overlay\"><\/div>\n\t\t\t\t\t\t\t<div class=\"elementor-container elementor-column-gap-default\">\n\t\t\t\t\t<div class=\"elementor-column elementor-col-100 elementor-top-column elementor-element elementor-element-18531b3\" data-id=\"18531b3\" data-element_type=\"column\">\n\t\t\t<div class=\"elementor-widget-wrap elementor-element-populated\">\n\t\t\t\t\t\t<div class=\"elementor-element elementor-element-7bef72c elementor-widget elementor-widget-heading\" data-id=\"7bef72c\" data-element_type=\"widget\" data-widget_type=\"heading.default\">\n\t\t\t\t<div class=\"elementor-widget-container\">\n\t\t\t\t\t<h2 class=\"elementor-heading-title elementor-size-default\">Termos e Condi\u00e7\u00f5es<\/h2>\t\t\t\t<\/div>\n\t\t\t\t<\/div>\n\t\t\t\t<div class=\"elementor-element elementor-element-955937e elementor-widget elementor-widget-woocommerce-breadcrumb\" data-id=\"955937e\" data-element_type=\"widget\" data-widget_type=\"woocommerce-breadcrumb.default\">\n\t\t\t\t<div class=\"elementor-widget-container\">\n\t\t\t\t\t<nav class=\"woocommerce-breadcrumb\" aria-label=\"Breadcrumb\">In\u00edcio<\/nav>\t\t\t\t<\/div>\n\t\t\t\t<\/div>\n\t\t\t\t\t<\/div>\n\t\t<\/div>\n\t\t\t\t\t<\/div>\n\t\t<\/section>\n\t\t\t\t<section class=\"elementor-section elementor-top-section elementor-element elementor-element-d07b1d4 elementor-section-boxed elementor-section-height-default elementor-section-height-default\" data-id=\"d07b1d4\" data-element_type=\"section\">\n\t\t\t\t\t\t<div class=\"elementor-container elementor-column-gap-default\">\n\t\t\t\t\t<div class=\"elementor-column elementor-col-100 elementor-top-column elementor-element elementor-element-bc4926b\" data-id=\"bc4926b\" data-element_type=\"column\">\n\t\t\t<div class=\"elementor-widget-wrap elementor-element-populated\">\n\t\t\t\t\t\t<div class=\"elementor-element elementor-element-4c4d504 elementor-widget elementor-widget-heading\" data-id=\"4c4d504\" data-element_type=\"widget\" data-widget_type=\"heading.default\">\n\t\t\t\t<div class=\"elementor-widget-container\">\n\t\t\t\t\t<h1 class=\"elementor-heading-title elementor-size-default\">TERMOS E CONDI\u00c7\u00d5ES\n<\/h1>\t\t\t\t<\/div>\n\t\t\t\t<\/div>\n\t\t\t\t<div class=\"elementor-element elementor-element-90e97fe elementor-widget elementor-widget-heading\" data-id=\"90e97fe\" data-element_type=\"widget\" data-widget_type=\"heading.default\">\n\t\t\t\t<div class=\"elementor-widget-container\">\n\t\t\t\t\t<h2 class=\"elementor-heading-title elementor-size-small\"><p class=\"MsoNormal\"><span lang=\"EN-US\">POL\u00cdTICA DE RESERVAS<\/span><\/p><p class=\"MsoNormal\"><span lang=\"EN-US\">- Os pre\u00e7os est\u00e3o em D\u00d3LARES AMERICANOS<\/span><\/p><p class=\"MsoNormal\"><span lang=\"EN-US\">- Os pre\u00e7os s\u00e3o por pessoa<\/span><\/p><p class=\"MsoNormal\"><span lang=\"EN-US\">- Para confirmar uma reserva, \u00e9 necess\u00e1rio efetuar um dep\u00f3sito n\u00e3o reembols\u00e1vel e intransfer\u00edvel, que deve ser pago para confirmar a reserva. <\/span><\/p><p class=\"MsoNormal\"><span lang=\"EN-US\">- Se a reserva for feita 10 dias ou menos antes do in\u00edcio do programa, dever\u00e1 ser paga na totalidade.<\/span><\/p><p class=\"MsoNormal\"><span lang=\"EN-US\">- As reservas s\u00f3 ser\u00e3o confirmadas ap\u00f3s o pagamento do dep\u00f3sito. <\/span><\/p><p class=\"MsoNormal\"><span lang=\"EN-US\">- Todas as reservas devem ser pagas integralmente pelo menos 10 dias antes do in\u00edcio dos nossos servi\u00e7os.<\/span><\/p><p class=\"MsoNormal\"><span lang=\"EN-US\">- A PEVolunteer n\u00e3o se responsabiliza por itens perdidos ou roubados em nenhum dos nossos passeios, programas ou acomoda\u00e7\u00f5es.<\/span><\/p><p class=\"MsoNormal\"><span lang=\"EN-US\">- TODOS OS PAGAMENTOS DEVEM SER EFETUADOS COM CART\u00c3O DE CR\u00c9DITO\/D\u00c9BITO OU PAYPAL.<\/span><\/p>\n\n<p class=\"MsoNormal\"><span lang=\"EN-US\">NOTAS<\/span><\/p><p class=\"MsoNormal\"><span lang=\"EN-US\">- O servi\u00e7o est\u00e1 sujeito a altera\u00e7\u00f5es sem aviso pr\u00e9vio, devido a quest\u00f5es clim\u00e1ticas (chuvas, enchentes, etc.), greves e\/ou manifesta\u00e7\u00f5es e qualquer outro evento que n\u00e3o permita o desenvolvimento normal do programa.<\/span><\/p><p class=\"MsoNormal\"><span lang=\"EN-US\">- Qualquer cancelamento do servi\u00e7o pelos motivos indicados n\u00e3o d\u00e1 direito a reembolso.<\/span><\/p><p class=\"MsoNormal\"><span lang=\"EN-US\">- O itiner\u00e1rio pode variar a crit\u00e9rio do PEVolunteer, sempre com o objetivo de garantir a seguran\u00e7a do participante e o melhor desenvolvimento do servi\u00e7o em sua totalidade.<\/span><\/p><p class=\"MsoNormal\"><span lang=\"EN-US\">- Se os participantes decidirem sair antes do final do servi\u00e7o, n\u00e3o haver\u00e1 reembolso.<\/span><\/p>\n\n<p class=\"MsoNormal\"><span lang=\"EN-US\">CANCELAMENTO E REEMBOLSO<\/span><\/p><p class=\"MsoNormal\"><span lang=\"EN-US\">- Todos os cancelamentos feitos 30 dias ou menos antes do in\u00edcio dos nossos servi\u00e7os ser\u00e3o cobrados a 100% e, portanto, n\u00e3o s\u00e3o reembols\u00e1veis nem transfer\u00edveis.<\/span><\/p><p class=\"MsoNormal\"><span lang=\"EN-US\">- Os cancelamentos por motivos m\u00e9dicos podem ser reembolsados at\u00e9 50% mediante o envio por e-mail de um atestado assinado pelo m\u00e9dico do cliente. Menos custos de pagamento (PayPal\/Cart\u00e3o 6%). <\/span><\/p><p class=\"MsoNormal\"><span lang=\"EN-US\">- Os servi\u00e7os de viagem cancelados entre 60 e 31 dias antes do in\u00edcio do programa s\u00e3o reembols\u00e1veis at\u00e9 50%, menos os custos de pagamento (PayPal\/cart\u00e3o 6%). <\/span><\/p><p class=\"MsoNormal\"><span lang=\"EN-US\">- Os dep\u00f3sitos n\u00e3o s\u00e3o reembols\u00e1veis nem transfer\u00edveis em nenhuma circunst\u00e2ncia.<\/span><\/p>\n\n\n<\/h2>\t\t\t\t<\/div>\n\t\t\t\t<\/div>\n\t\t\t\t\t<\/div>\n\t\t<\/div>\n\t\t\t\t\t<\/div>\n\t\t<\/section>\n\t\t\t\t<section class=\"elementor-section elementor-top-section elementor-element elementor-element-d691770 elementor-section-boxed elementor-section-height-default elementor-section-height-default\" data-id=\"d691770\" data-element_type=\"section\">\n\t\t\t\t\t\t<div class=\"elementor-container elementor-column-gap-default\">\n\t\t\t\t\t<div class=\"elementor-column elementor-col-50 elementor-top-column elementor-element elementor-element-fc5ee25\" data-id=\"fc5ee25\" data-element_type=\"column\">\n\t\t\t<div class=\"elementor-widget-wrap elementor-element-populated\">\n\t\t\t\t\t\t<div class=\"elementor-element elementor-element-d3fa31c elementor-widget elementor-widget-heading\" data-id=\"d3fa31c\" data-element_type=\"widget\" data-widget_type=\"heading.default\">\n\t\t\t\t<div class=\"elementor-widget-container\">\n\t\t\t\t\t<h2 class=\"elementor-heading-title elementor-size-default\">Voc\u00ea pode fazer<\/h2>\t\t\t\t<\/div>\n\t\t\t\t<\/div>\n\t\t\t\t\t<\/div>\n\t\t<\/div>\n\t\t\t\t<div class=\"elementor-column elementor-col-50 elementor-top-column elementor-element elementor-element-323a998\" data-id=\"323a998\" data-element_type=\"column\">\n\t\t\t<div class=\"elementor-widget-wrap elementor-element-populated\">\n\t\t\t\t\t\t<div class=\"elementor-element elementor-element-1af6260 elementor-widget elementor-widget-heading\" data-id=\"1af6260\" data-element_type=\"widget\" data-widget_type=\"heading.default\">\n\t\t\t\t<div class=\"elementor-widget-container\">\n\t\t\t\t\t<h2 class=\"elementor-heading-title elementor-size-default\">a diferen\u00e7a!<\/h2>\t\t\t\t<\/div>\n\t\t\t\t<\/div>\n\t\t\t\t\t<\/div>\n\t\t<\/div>\n\t\t\t\t\t<\/div>\n\t\t<\/section>\n\t\t\t\t<section class=\"elementor-section elementor-top-section elementor-element elementor-element-661edb83 elementor-section-full_width elementor-section-height-default elementor-section-height-default\" data-id=\"661edb83\" data-element_type=\"section\" data-settings=\"{&quot;background_background&quot;:&quot;classic&quot;}\">\n\t\t\t\t\t\t\t<div class=\"elementor-background-overlay\"><\/div>\n\t\t\t\t\t\t\t<div class=\"elementor-container elementor-column-gap-default\">\n\t\t\t\t\t<div class=\"elementor-column elementor-col-100 elementor-top-column elementor-element elementor-element-5dcd8981\" data-id=\"5dcd8981\" data-element_type=\"column\">\n\t\t\t<div class=\"elementor-widget-wrap elementor-element-populated\">\n\t\t\t\t\t\t<div class=\"elementor-element elementor-element-50e09b82 elementor-widget elementor-widget-heading\" data-id=\"50e09b82\" data-element_type=\"widget\" data-widget_type=\"heading.default\">\n\t\t\t\t<div class=\"elementor-widget-container\">\n\t\t\t\t\t<h5 class=\"elementor-heading-title elementor-size-default\">FA\u00c7A UMA DOA\u00c7\u00c3O!<\/h5>\t\t\t\t<\/div>\n\t\t\t\t<\/div>\n\t\t\t\t<div class=\"elementor-element elementor-element-4be161ef elementor-widget elementor-widget-text-editor\" data-id=\"4be161ef\" data-element_type=\"widget\" data-widget_type=\"text-editor.default\">\n\t\t\t\t<div class=\"elementor-widget-container\">\n\t\t\t\t\t\t\t\t\t<div class=\"site-blocks-cover overlay inner-page-cover\"><div class=\"container\"><div class=\"row align-items-center justify-content-center text-center\"><div class=\"col-md-7 aos-init aos-animate\" data-aos=\"fade-up\" data-aos-delay=\"400\"><div class=\"cta-content\"><p>Clique no bot\u00e3o abaixo para obter informa\u00e7\u00f5es sobre doa\u00e7\u00f5es.<\/p><\/div><\/div><\/div><\/div><\/div><section class=\"site-section testimonials bg-light\"><div class=\"container\"><div class=\"row justify-content-center mb-5\"><div class=\"col-md-7\"> <\/div><\/div><\/div><\/section>\t\t\t\t\t\t\t\t<\/div>\n\t\t\t\t<\/div>\n\t\t\t\t<div class=\"elementor-element elementor-element-639beb8b elementor-align-center elementor-widget elementor-widget-button\" data-id=\"639beb8b\" data-element_type=\"widget\" data-widget_type=\"button.default\">\n\t\t\t\t<div class=\"elementor-widget-container\">\n\t\t\t\t\t\t\t\t\t<div class=\"elementor-button-wrapper\">\n\t\t\t\t\t<a class=\"elementor-button elementor-button-link elementor-size-sm\" href=\"https:\/\/www.peruvolunteerandtravel.com\/pt-pt\/doacoes\/\">\n\t\t\t\t\t\t<span class=\"elementor-button-content-wrapper\">\n\t\t\t\t\t\t\t\t\t<span class=\"elementor-button-text\">Mais informa\u00e7\u00f5es<\/span>\n\t\t\t\t\t<\/span>\n\t\t\t\t\t<\/a>\n\t\t\t\t<\/div>\n\t\t\t\t\t\t\t\t<\/div>\n\t\t\t\t<\/div>\n\t\t\t\t\t<\/div>\n\t\t<\/div>\n\t\t\t\t\t<\/div>\n\t\t<\/section>\n\t\t\t\t<\/div>\n\t\t","protected":false},"excerpt":{"rendered":"<p>Termos e Condi\u00e7\u00f5es TERMOS E CONDI\u00c7\u00d5ES POL\u00cdTICA DE RESERVAS &#8211; Os pre\u00e7os est\u00e3o em D\u00d3LARES AMERICANOS &#8211; Os pre\u00e7os s\u00e3o por pessoa &#8211; Para confirmar uma reserva, \u00e9 necess\u00e1rio efetuar um dep\u00f3sito n\u00e3o reembols\u00e1vel e intransfer\u00edvel, que deve ser pago para confirmar a reserva. &#8211; Se a reserva for feita 10 dias ou menos antes [&hellip;]<\/p>\n","protected":false},"author":1,"featured_media":0,"parent":0,"menu_order":0,"comment_status":"closed","ping_status":"closed","template":"","meta":{"_acf_changed":false,"site-sidebar-layout":"no-sidebar","site-content-layout":"page-builder","ast-site-content-layout":"default","site-content-style":"default","site-sidebar-style":"default","ast-global-header-display":"","ast-banner-title-visibility":"","ast-main-header-display":"","ast-hfb-above-header-display":"","ast-hfb-below-header-display":"","ast-hfb-mobile-header-display":"","site-post-title":"disabled","ast-breadcrumbs-content":"","ast-featured-img":"disabled","footer-sml-layout":"","ast-disable-related-posts":"","theme-transparent-header-meta":"default","adv-header-id-meta":"","stick-header-meta":"","header-above-stick-meta":"","header-main-stick-meta":"","header-below-stick-meta":"","astra-migrate-meta-layouts":"default","ast-page-background-enabled":"default","ast-page-background-meta":{"desktop":{"background-color":"var(--ast-global-color-4)","background-image":"","background-repeat":"repeat","background-position":"center center","background-size":"auto","background-attachment":"scroll","background-type":"","background-media":"","overlay-type":"","overlay-color":"","overlay-opacity":"","overlay-gradient":""},"tablet":{"background-color":"","background-image":"","background-repeat":"repeat","background-position":"center center","background-size":"auto","background-attachment":"scroll","background-type":"","background-media":"","overlay-type":"","overlay-color":"","overlay-opacity":"","overlay-gradient":""},"mobile":{"background-color":"","background-image":"","background-repeat":"repeat","background-position":"center center","background-size":"auto","background-attachment":"scroll","background-type":"","background-media":"","overlay-type":"","overlay-color":"","overlay-opacity":"","overlay-gradient":""}},"ast-content-background-meta":{"desktop":{"background-color":"var(--ast-global-color-5)","background-image":"","background-repeat":"repeat","background-position":"center center","background-size":"auto","background-attachment":"scroll","background-type":"","background-media":"","overlay-type":"","overlay-color":"","overlay-opacity":"","overlay-gradient":""},"tablet":{"background-color":"var(--ast-global-color-5)","background-image":"","background-repeat":"repeat","background-position":"center center","background-size":"auto","background-attachment":"scroll","background-type":"","background-media":"","overlay-type":"","overlay-color":"","overlay-opacity":"","overlay-gradient":""},"mobile":{"background-color":"var(--ast-global-color-5)","background-image":"","background-repeat":"repeat","background-position":"center center","background-size":"auto","background-attachment":"scroll","background-type":"","background-media":"","overlay-type":"","overlay-color":"","overlay-opacity":"","overlay-gradient":""}},"footnotes":""},"class_list":["post-2051","page","type-page","status-publish","hentry"],"acf":[],"_links":{"self":[{"href":"https:\/\/www.peruvolunteerandtravel.com\/pt-pt\/wp-json\/wp\/v2\/pages\/2051","targetHints":{"allow":["GET"]}}],"collection":[{"href":"https:\/\/www.peruvolunteerandtravel.com\/pt-pt\/wp-json\/wp\/v2\/pages"}],"about":[{"href":"https:\/\/www.peruvolunteerandtravel.com\/pt-pt\/wp-json\/wp\/v2\/types\/page"}],"author":[{"embeddable":true,"href":"https:\/\/www.peruvolunteerandtravel.com\/pt-pt\/wp-json\/wp\/v2\/users\/1"}],"replies":[{"embeddable":true,"href":"https:\/\/www.peruvolunteerandtravel.com\/pt-pt\/wp-json\/wp\/v2\/comments?post=2051"}],"version-history":[{"count":8,"href":"https:\/\/www.peruvolunteerandtravel.com\/pt-pt\/wp-json\/wp\/v2\/pages\/2051\/revisions"}],"predecessor-version":[{"id":6772,"href":"https:\/\/www.peruvolunteerandtravel.com\/pt-pt\/wp-json\/wp\/v2\/pages\/2051\/revisions\/6772"}],"wp:attachment":[{"href":"https:\/\/www.peruvolunteerandtravel.com\/pt-pt\/wp-json\/wp\/v2\/media?parent=2051"}],"curies":[{"name":"wp","href":"https:\/\/api.w.org\/{rel}","templated":true}]}}