{"id":767,"date":"2022-04-28T12:17:51","date_gmt":"2022-04-28T17:17:51","guid":{"rendered":"https:\/\/www.peruvolunteerandtravel.com\/?page_id=767"},"modified":"2026-01-02T10:08:46","modified_gmt":"2026-01-02T15:08:46","slug":"donaciones","status":"publish","type":"page","link":"https:\/\/www.peruvolunteerandtravel.com\/es\/donaciones\/","title":{"rendered":"Donaciones"},"content":{"rendered":"\t\t<div data-elementor-type=\"wp-page\" data-elementor-id=\"767\" class=\"elementor elementor-767 elementor-770\" data-elementor-post-type=\"page\">\n\t\t\t\t\t\t<section class=\"elementor-section elementor-top-section elementor-element elementor-element-49ade98 elementor-section-boxed elementor-section-height-default elementor-section-height-default\" data-id=\"49ade98\" data-element_type=\"section\" data-settings=\"{&quot;background_background&quot;:&quot;classic&quot;}\">\n\t\t\t\t\t\t\t<div class=\"elementor-background-overlay\"><\/div>\n\t\t\t\t\t\t\t<div class=\"elementor-container elementor-column-gap-default\">\n\t\t\t\t\t<div class=\"elementor-column elementor-col-100 elementor-top-column elementor-element elementor-element-0fc2216\" data-id=\"0fc2216\" data-element_type=\"column\">\n\t\t\t<div class=\"elementor-widget-wrap elementor-element-populated\">\n\t\t\t\t\t\t<div class=\"elementor-element elementor-element-ae270bd elementor-widget elementor-widget-heading\" data-id=\"ae270bd\" data-element_type=\"widget\" data-widget_type=\"heading.default\">\n\t\t\t\t<div class=\"elementor-widget-container\">\n\t\t\t\t\t<h2 class=\"elementor-heading-title elementor-size-default\">Donaciones<\/h2>\t\t\t\t<\/div>\n\t\t\t\t<\/div>\n\t\t\t\t<div class=\"elementor-element elementor-element-73aefba elementor-widget elementor-widget-woocommerce-breadcrumb\" data-id=\"73aefba\" data-element_type=\"widget\" data-widget_type=\"woocommerce-breadcrumb.default\">\n\t\t\t\t<div class=\"elementor-widget-container\">\n\t\t\t\t\t<nav class=\"woocommerce-breadcrumb\" aria-label=\"Breadcrumb\">Inicio<\/nav>\t\t\t\t<\/div>\n\t\t\t\t<\/div>\n\t\t\t\t\t<\/div>\n\t\t<\/div>\n\t\t\t\t\t<\/div>\n\t\t<\/section>\n\t\t\t\t<section class=\"elementor-section elementor-top-section elementor-element elementor-element-348876d elementor-section-boxed elementor-section-height-default elementor-section-height-default\" data-id=\"348876d\" data-element_type=\"section\">\n\t\t\t\t\t\t<div class=\"elementor-container elementor-column-gap-default\">\n\t\t\t\t\t<div class=\"elementor-column elementor-col-50 elementor-top-column elementor-element elementor-element-733a949\" data-id=\"733a949\" data-element_type=\"column\">\n\t\t\t<div class=\"elementor-widget-wrap elementor-element-populated\">\n\t\t\t\t\t\t<div class=\"elementor-element elementor-element-c557576 elementor-widget__width-initial elementor-widget elementor-widget-heading\" data-id=\"c557576\" data-element_type=\"widget\" data-widget_type=\"heading.default\">\n\t\t\t\t<div class=\"elementor-widget-container\">\n\t\t\t\t\t<h2 class=\"elementor-heading-title elementor-size-default\">\u00a1Dona a<\/h2>\t\t\t\t<\/div>\n\t\t\t\t<\/div>\n\t\t\t\t\t<\/div>\n\t\t<\/div>\n\t\t\t\t<div class=\"elementor-column elementor-col-50 elementor-top-column elementor-element elementor-element-6331e84\" data-id=\"6331e84\" data-element_type=\"column\">\n\t\t\t<div class=\"elementor-widget-wrap elementor-element-populated\">\n\t\t\t\t\t\t<div class=\"elementor-element elementor-element-6fb4043 elementor-widget__width-initial elementor-widget elementor-widget-heading\" data-id=\"6fb4043\" data-element_type=\"widget\" data-widget_type=\"heading.default\">\n\t\t\t\t<div class=\"elementor-widget-container\">\n\t\t\t\t\t<h2 class=\"elementor-heading-title elementor-size-default\">los ni\u00f1os de Per\u00fa!<\/h2>\t\t\t\t<\/div>\n\t\t\t\t<\/div>\n\t\t\t\t\t<\/div>\n\t\t<\/div>\n\t\t\t\t\t<\/div>\n\t\t<\/section>\n\t\t\t\t<section class=\"elementor-section elementor-top-section elementor-element elementor-element-04fdda4 elementor-section-boxed elementor-section-height-default elementor-section-height-default\" data-id=\"04fdda4\" data-element_type=\"section\">\n\t\t\t\t\t\t<div class=\"elementor-container elementor-column-gap-default\">\n\t\t\t\t\t<div class=\"elementor-column elementor-col-100 elementor-top-column elementor-element elementor-element-f17a654\" data-id=\"f17a654\" data-element_type=\"column\">\n\t\t\t<div class=\"elementor-widget-wrap elementor-element-populated\">\n\t\t\t\t\t\t<div class=\"elementor-element elementor-element-4b2a311 elementor-widget elementor-widget-text-editor\" data-id=\"4b2a311\" data-element_type=\"widget\" data-widget_type=\"text-editor.default\">\n\t\t\t\t<div class=\"elementor-widget-container\">\n\t\t\t\t\t\t\t\t\t<p>Los ni\u00f1os de nuestros proyectos provienen de familias pobres y carecen de muchos productos b\u00e1sicos, como ropa, vitaminas, cepillos de dientes y material escolar. La situaci\u00f3n es peor en nuestros proyectos rurales. Por ello, pedimos a nuestros voluntarios que donen lo que consideren oportuno. Te animamos a que traigas ropa infantil, zapatos, vitaminas, material escolar, cepillos de dientes y juguetes.   <\/p><p>Para aquellos que no se encuentran en Per\u00fa o desean seguir donando despu\u00e9s de regresar a su pa\u00eds, tambi\u00e9n aceptamos donaciones monetarias que destinaremos a la causa o proyecto que elijan. Si no destinan el dinero a una causa o proyecto espec\u00edfico, lo utilizaremos para mejorar los proyectos y las comunidades rurales que m\u00e1s lo necesitan, con el fin de comprar suministros, ropa y alimentos. <\/p><p>Haga click en <span style=\"text-decoration: underline; color: #fd0249;\">Donar<\/span> a continuaci\u00f3n, para realizar una donaci\u00f3n a Peru Volunteer &amp; Travel a trav\u00e9s de <strong>Paypal<\/strong>. Tanto nuestra organizaci\u00f3n como los peruanos que se benefician directamente de su donaci\u00f3n, agradecen enormemente todas las donaciones. <\/p><h3><span style=\"color: #fd0249;\"><strong>\u00a1Muchas gracias!<\/strong><\/span><\/h3>\t\t\t\t\t\t\t\t<\/div>\n\t\t\t\t<\/div>\n\t\t\t\t<div class=\"elementor-element elementor-element-f9e3ce1 elementor-widget elementor-widget-html\" data-id=\"f9e3ce1\" data-element_type=\"widget\" data-widget_type=\"html.default\">\n\t\t\t\t<div class=\"elementor-widget-container\">\n\t\t\t\t\t<form action=\"https:\/\/www.paypal.com\/cgi-bin\/webscr\" method=\"post\" target=\"_blank\"><input type=\"hidden\" name=\"cmd\" value=\"_s-xclick\"> <input type=\"hidden\" name=\"hosted_button_id\" value=\"TUHHQWLA9EWPE\"> <input type=\"image\" name=\"submit\" src=\"https:\/\/www.paypalobjects.com\/en_US\/i\/btn\/btn_donateCC_LG.gif\" alt=\"PayPal - \u00a1La forma m\u00e1s segura y f\u00e1cil de pagar en l\u00ednea!\"> <img decoding=\"async\" src=\"https:\/\/www.paypalobjects.com\/es_XC\/i\/scr\/pixel.gif\" alt=\"\" width=\"1\" height=\"1\" border=\"0\"><\/form>\t<\/section>\t\t\t\t<\/div>\n\t\t\t\t<\/div>\n\t\t\t\t\t<\/div>\n\t\t<\/div>\n\t\t\t\t\t<\/div>\n\t\t<\/section>\n\t\t\t\t<\/div>\n\t\t","protected":false},"excerpt":{"rendered":"<p>Donaciones \u00a1Dona a los ni\u00f1os de Per\u00fa! Los ni\u00f1os de nuestros proyectos provienen de familias pobres y carecen de muchos productos b\u00e1sicos, como ropa, vitaminas, cepillos de dientes y material escolar. La situaci\u00f3n es peor en nuestros proyectos rurales. Por ello, pedimos a nuestros voluntarios que donen lo que consideren oportuno. Te animamos a que [&hellip;]<\/p>\n","protected":false},"author":1,"featured_media":0,"parent":0,"menu_order":0,"comment_status":"closed","ping_status":"closed","template":"","meta":{"_acf_changed":false,"site-sidebar-layout":"no-sidebar","site-content-layout":"page-builder","ast-site-content-layout":"full-width-container","site-content-style":"unboxed","site-sidebar-style":"unboxed","ast-global-header-display":"","ast-banner-title-visibility":"","ast-main-header-display":"","ast-hfb-above-header-display":"","ast-hfb-below-header-display":"","ast-hfb-mobile-header-display":"","site-post-title":"disabled","ast-breadcrumbs-content":"","ast-featured-img":"disabled","footer-sml-layout":"","ast-disable-related-posts":"","theme-transparent-header-meta":"default","adv-header-id-meta":"","stick-header-meta":"","header-above-stick-meta":"","header-main-stick-meta":"","header-below-stick-meta":"","astra-migrate-meta-layouts":"set","ast-page-background-enabled":"default","ast-page-background-meta":{"desktop":{"background-color":"var(--ast-global-color-4)","background-image":"","background-repeat":"repeat","background-position":"center center","background-size":"auto","background-attachment":"scroll","background-type":"","background-media":"","overlay-type":"","overlay-color":"","overlay-opacity":"","overlay-gradient":""},"tablet":{"background-color":"","background-image":"","background-repeat":"repeat","background-position":"center center","background-size":"auto","background-attachment":"scroll","background-type":"","background-media":"","overlay-type":"","overlay-color":"","overlay-opacity":"","overlay-gradient":""},"mobile":{"background-color":"","background-image":"","background-repeat":"repeat","background-position":"center center","background-size":"auto","background-attachment":"scroll","background-type":"","background-media":"","overlay-type":"","overlay-color":"","overlay-opacity":"","overlay-gradient":""}},"ast-content-background-meta":{"desktop":{"background-color":"var(--ast-global-color-5)","background-image":"","background-repeat":"repeat","background-position":"center center","background-size":"auto","background-attachment":"scroll","background-type":"","background-media":"","overlay-type":"","overlay-color":"","overlay-opacity":"","overlay-gradient":""},"tablet":{"background-color":"var(--ast-global-color-5)","background-image":"","background-repeat":"repeat","background-position":"center center","background-size":"auto","background-attachment":"scroll","background-type":"","background-media":"","overlay-type":"","overlay-color":"","overlay-opacity":"","overlay-gradient":""},"mobile":{"background-color":"var(--ast-global-color-5)","background-image":"","background-repeat":"repeat","background-position":"center center","background-size":"auto","background-attachment":"scroll","background-type":"","background-media":"","overlay-type":"","overlay-color":"","overlay-opacity":"","overlay-gradient":""}},"footnotes":""},"class_list":["post-767","page","type-page","status-publish","hentry"],"acf":[],"_links":{"self":[{"href":"https:\/\/www.peruvolunteerandtravel.com\/es\/wp-json\/wp\/v2\/pages\/767","targetHints":{"allow":["GET"]}}],"collection":[{"href":"https:\/\/www.peruvolunteerandtravel.com\/es\/wp-json\/wp\/v2\/pages"}],"about":[{"href":"https:\/\/www.peruvolunteerandtravel.com\/es\/wp-json\/wp\/v2\/types\/page"}],"author":[{"embeddable":true,"href":"https:\/\/www.peruvolunteerandtravel.com\/es\/wp-json\/wp\/v2\/users\/1"}],"replies":[{"embeddable":true,"href":"https:\/\/www.peruvolunteerandtravel.com\/es\/wp-json\/wp\/v2\/comments?post=767"}],"version-history":[{"count":7,"href":"https:\/\/www.peruvolunteerandtravel.com\/es\/wp-json\/wp\/v2\/pages\/767\/revisions"}],"predecessor-version":[{"id":6899,"href":"https:\/\/www.peruvolunteerandtravel.com\/es\/wp-json\/wp\/v2\/pages\/767\/revisions\/6899"}],"wp:attachment":[{"href":"https:\/\/www.peruvolunteerandtravel.com\/es\/wp-json\/wp\/v2\/media?parent=767"}],"curies":[{"name":"wp","href":"https:\/\/api.w.org\/{rel}","templated":true}]}}