{"id":542,"date":"2022-04-28T09:44:24","date_gmt":"2022-04-28T14:44:24","guid":{"rendered":"https:\/\/www.peruvolunteerandtravel.com\/aplicar-en-linea\/"},"modified":"2025-12-31T11:40:34","modified_gmt":"2025-12-31T16:40:34","slug":"aplicar-en-linea","status":"publish","type":"page","link":"https:\/\/www.peruvolunteerandtravel.com\/es\/aplicar-en-linea\/","title":{"rendered":"Aplicar en linea"},"content":{"rendered":"\t\t<div data-elementor-type=\"wp-page\" data-elementor-id=\"542\" class=\"elementor elementor-542 elementor-302\" data-elementor-post-type=\"page\">\n\t\t\t\t\t\t<section class=\"elementor-section elementor-top-section elementor-element elementor-element-3d36c60 elementor-section-boxed elementor-section-height-default elementor-section-height-default\" data-id=\"3d36c60\" data-element_type=\"section\" data-settings=\"{&quot;background_background&quot;:&quot;classic&quot;}\">\n\t\t\t\t\t\t\t<div class=\"elementor-background-overlay\"><\/div>\n\t\t\t\t\t\t\t<div class=\"elementor-container elementor-column-gap-default\">\n\t\t\t\t\t<div class=\"elementor-column elementor-col-100 elementor-top-column elementor-element elementor-element-644bc1e\" data-id=\"644bc1e\" data-element_type=\"column\">\n\t\t\t<div class=\"elementor-widget-wrap elementor-element-populated\">\n\t\t\t\t\t\t<div class=\"elementor-element elementor-element-1ec790e elementor-widget elementor-widget-heading\" data-id=\"1ec790e\" data-element_type=\"widget\" data-widget_type=\"heading.default\">\n\t\t\t\t<div class=\"elementor-widget-container\">\n\t\t\t\t\t<h2 class=\"elementor-heading-title elementor-size-default\">Aplicar en L\u00ednea<\/h2>\t\t\t\t<\/div>\n\t\t\t\t<\/div>\n\t\t\t\t<div class=\"elementor-element elementor-element-4a929af elementor-widget elementor-widget-woocommerce-breadcrumb\" data-id=\"4a929af\" data-element_type=\"widget\" data-widget_type=\"woocommerce-breadcrumb.default\">\n\t\t\t\t<div class=\"elementor-widget-container\">\n\t\t\t\t\t<nav class=\"woocommerce-breadcrumb\" aria-label=\"Breadcrumb\">Inicio<\/nav>\t\t\t\t<\/div>\n\t\t\t\t<\/div>\n\t\t\t\t\t<\/div>\n\t\t<\/div>\n\t\t\t\t\t<\/div>\n\t\t<\/section>\n\t\t\t\t<section class=\"elementor-section elementor-top-section elementor-element elementor-element-196f665 elementor-section-boxed elementor-section-height-default elementor-section-height-default\" data-id=\"196f665\" data-element_type=\"section\">\n\t\t\t\t\t\t<div class=\"elementor-container elementor-column-gap-default\">\n\t\t\t\t\t<div class=\"elementor-column elementor-col-100 elementor-top-column elementor-element elementor-element-f47f831\" data-id=\"f47f831\" data-element_type=\"column\">\n\t\t\t<div class=\"elementor-widget-wrap elementor-element-populated\">\n\t\t\t\t\t\t<div class=\"elementor-element elementor-element-838858b elementor-widget elementor-widget-heading\" data-id=\"838858b\" data-element_type=\"widget\" data-widget_type=\"heading.default\">\n\t\t\t\t<div class=\"elementor-widget-container\">\n\t\t\t\t\t<h2 class=\"elementor-heading-title elementor-size-default\">SOLICITUD PARA SER VOLUNTARIO<\/h2>\t\t\t\t<\/div>\n\t\t\t\t<\/div>\n\t\t\t\t<div class=\"elementor-element elementor-element-b236f77 elementor-widget elementor-widget-text-editor\" data-id=\"b236f77\" data-element_type=\"widget\" data-widget_type=\"text-editor.default\">\n\t\t\t\t<div class=\"elementor-widget-container\">\n\t\t\t\t\t\t\t\t\t<div id=\"form-row-2\" class=\"form-group gcore-form-row\"><div id=\"fin-fld1\" class=\"gcore-input gcore-display-table\"><p>Esta es una solicitud de programa. Para solicitar informaci\u00f3n, <span style=\"color: #fd0249;\"><a style=\"color: #fd0249;\" href=\"https:\/\/www.peruvolunteerandtravel.com\/es\/contactenos\/\">porfavor click aqu\u00ed!<\/a><\/span> <\/p><\/div><\/div><div id=\"\" class=\"\"><div id=\"form-row-4\" class=\"form-group gcore-form-row\"><div id=\"fin-fld3\" class=\"gcore-input gcore-display-table\"> <\/div><\/div><\/div>\t\t\t\t\t\t\t\t<\/div>\n\t\t\t\t<\/div>\n\t\t\t\t<div class=\"elementor-element elementor-element-66c9a6a elementor-widget elementor-widget-jet-engine-booking-form\" data-id=\"66c9a6a\" data-element_type=\"widget\" data-widget_type=\"jet-engine-booking-form.default\">\n\t\t\t\t<div class=\"elementor-widget-container\">\n\t\t\t\t\t<form  class=\"jet-form layout-column submit-type-reload\" action=\"\/es\/wp-json\/wp\/v2\/pages\/542?jet_engine_action=book&#038;nocache=1778867337\" method=\"POST\" data-form-id=\"1930\"><input class=\"jet-form__field hidden-field\" type=\"hidden\" name=\"_jet_engine_booking_form_id\" value=\"1930\" data-field-name=\"_jet_engine_booking_form_id\"><input class=\"jet-form__field hidden-field\" type=\"hidden\" name=\"_jet_engine_refer\" value=\"https:\/\/www.peruvolunteerandtravel.com\/es\/wp-json\/wp\/v2\/pages\/542\/\" data-field-name=\"_jet_engine_refer\"><div  class=\"jet-form-row jet-form-row--first-visible\"><div class=\"jet-form-col jet-form-col-12  field-type-heading encabezado-titulos jet-form-field-container\" data-field=\"heading\" data-conditional=\"false\"><div class=\"jet-form__heading\">\n\t<span class=\"jet-form__label-text\" >1. Personal Information<\/span>\n\t<\/div><\/div><\/div><div class=\"jet-form__divider\"><\/div><div  class=\"jet-form-row\"><div class=\"jet-form-col jet-form-col-6  field-type-text  jet-form-field-container\" data-field=\"field_name\" data-conditional=\"false\"><div class=\"jet-form__label\">\n\t<span class=\"jet-form__label-text\" >First Name<span class=\"jet-form__required\">*<\/span><\/span>\n\t<\/div><input class=\"jet-form__field text-field \" value=\"\" required=\"required\" name=\"field_name\" id=\"field_name\" type=\"text\" data-field-name=\"field_name\"><\/div><div class=\"jet-form-col jet-form-col-6  field-type-text  jet-form-field-container\" data-field=\"field_lastname\" data-conditional=\"false\"><div class=\"jet-form__label\">\n\t<span class=\"jet-form__label-text\" >Last Name<span class=\"jet-form__required\">*<\/span><\/span>\n\t<\/div><input class=\"jet-form__field text-field \" value=\"\" required=\"required\" name=\"field_lastname\" id=\"field_lastname\" type=\"text\" data-field-name=\"field_lastname\"><\/div><\/div><div class=\"jet-form__divider\"><\/div><div  class=\"jet-form-row\"><div class=\"jet-form-col jet-form-col-6  field-type-number  jet-form-field-container\" data-field=\"field_passport\" data-conditional=\"false\"><div class=\"jet-form__label\">\n\t<span class=\"jet-form__label-text\" >Passport number<\/span>\n\t<\/div><input type=\"number\" class=\"jet-form__field text-field\" value=\"\" step=\"1\" name=\"field_passport\" data-field-name=\"field_passport\" id=\"field_passport\"><\/div><div class=\"jet-form-col jet-form-col-6  field-type-text  jet-form-field-container\" data-field=\"field_email\" data-conditional=\"false\"><div class=\"jet-form__label\">\n\t<span class=\"jet-form__label-text\" >Email address<span class=\"jet-form__required\">*<\/span><\/span>\n\t<\/div><input class=\"jet-form__field text-field \" value=\"\" required=\"required\" name=\"field_email\" id=\"field_email\" type=\"email\" data-field-name=\"field_email\"><\/div><\/div><div class=\"jet-form__divider\"><\/div><div  class=\"jet-form-row\"><div class=\"jet-form-col jet-form-col-6  field-type-text  jet-form-field-container\" data-field=\"field_phonefax\" data-conditional=\"false\"><div class=\"jet-form__label\">\n\t<span class=\"jet-form__label-text\" >Phone <span class=\"jet-form__required\">*<\/span><\/span>\n\t<\/div><input class=\"jet-form__field text-field \" value=\"\" required=\"required\" name=\"field_phonefax\" id=\"field_phonefax\" type=\"tel\" data-field-name=\"field_phonefax\"><\/div><div class=\"jet-form-col jet-form-col-6  field-type-text  jet-form-field-container\" data-field=\"field_postaladdress\" data-conditional=\"false\"><div class=\"jet-form__label\">\n\t<span class=\"jet-form__label-text\" >Postal address<\/span>\n\t<\/div><input class=\"jet-form__field text-field \" value=\"\" name=\"field_postaladdress\" id=\"field_postaladdress\" type=\"tel\" data-field-name=\"field_postaladdress\"><\/div><\/div><div class=\"jet-form__divider\"><\/div><div  class=\"jet-form-row\"><div class=\"jet-form-col jet-form-col-6  field-type-text  jet-form-field-container\" data-field=\"field_Town\" data-conditional=\"false\"><div class=\"jet-form__label\">\n\t<span class=\"jet-form__label-text\" >Town \/ City<span class=\"jet-form__required\">*<\/span><\/span>\n\t<\/div><input class=\"jet-form__field text-field \" value=\"\" required=\"required\" name=\"field_Town\" id=\"field_Town\" type=\"text\" data-field-name=\"field_Town\"><\/div><div class=\"jet-form-col jet-form-col-6  field-type-text  jet-form-field-container\" data-field=\"field_state\" data-conditional=\"false\"><div class=\"jet-form__label\">\n\t<span class=\"jet-form__label-text\" >State<\/span>\n\t<\/div><input class=\"jet-form__field text-field \" value=\"\" name=\"field_state\" id=\"field_state\" type=\"text\" data-field-name=\"field_state\"><\/div><\/div><div class=\"jet-form__divider\"><\/div><div  class=\"jet-form-row\"><div class=\"jet-form-col jet-form-col-6  field-type-number  jet-form-field-container\" data-field=\"field_zipcode\" data-conditional=\"false\"><div class=\"jet-form__label\">\n\t<span class=\"jet-form__label-text\" >Zip code<\/span>\n\t<\/div><input type=\"number\" class=\"jet-form__field text-field\" value=\"\" step=\"1\" name=\"field_zipcode\" data-field-name=\"field_zipcode\" id=\"field_zipcode\"><\/div><div class=\"jet-form-col jet-form-col-6  field-type-text  jet-form-field-container\" data-field=\"field_country\" data-conditional=\"false\"><div class=\"jet-form__label\">\n\t<span class=\"jet-form__label-text\" >Country <span class=\"jet-form__required\">*<\/span><\/span>\n\t<\/div><input class=\"jet-form__field text-field \" value=\"\" required=\"required\" name=\"field_country\" id=\"field_country\" type=\"text\" data-field-name=\"field_country\"><\/div><\/div><div class=\"jet-form__divider\"><\/div><div  class=\"jet-form-row\"><div class=\"jet-form-col jet-form-col-6  field-type-select  jet-form-field-container\" data-field=\"field_gender\" data-conditional=\"false\"><div class=\"jet-form__label\">\n\t<span class=\"jet-form__label-text\" >Gender<span class=\"jet-form__required\">*<\/span><\/span>\n\t<\/div><select  required=\"required\" name=\"field_gender\" data-field-name=\"field_gender\" id=\"field_gender\" data-default-val=\"\" class=\"jet-form__field select-field\"><option value=\"\" selected>-Select-<\/option><option value=\"Male\" >Male<\/option><option value=\"Female\" >Female<\/option><\/select><\/div><div class=\"jet-form-col jet-form-col-6  field-type-text  jet-form-field-container\" data-field=\"field_datebirth\" data-conditional=\"false\"><div class=\"jet-form__label\">\n\t<span class=\"jet-form__label-text\" >Date of birth<span class=\"jet-form__required\">*<\/span><\/span>\n\t<\/div><input class=\"jet-form__field text-field \" placeholder=\"DD\/MM\/YYYY\" value=\"\" required=\"required\" name=\"field_datebirth\" id=\"field_datebirth\" type=\"text\" data-field-name=\"field_datebirth\"><\/div><\/div><div class=\"jet-form__divider\"><\/div><div  class=\"jet-form-row\"><div class=\"jet-form-col jet-form-col-12  field-type-heading encabezado-titulos jet-form-field-container\" data-field=\"heading_copy\" data-conditional=\"false\"><div class=\"jet-form__heading\">\n\t<span class=\"jet-form__label-text\" >2. Programme Details<\/span>\n\t<\/div><\/div><\/div><div class=\"jet-form__divider\"><\/div><div  class=\"jet-form-row\"><div class=\"jet-form-col jet-form-col-6  field-type-select  jet-form-field-container\" data-field=\"field_city_volunteer\" data-conditional=\"false\"><div class=\"jet-form__label\">\n\t<span class=\"jet-form__label-text\" >City you wish to volunteer in<span class=\"jet-form__required\">*<\/span><\/span>\n\t<\/div><select  required=\"required\" name=\"field_city_volunteer\" data-field-name=\"field_city_volunteer\" id=\"field_city_volunteer\" data-default-val=\"\" class=\"jet-form__field select-field\"><option value=\"\" selected>-Select-<\/option><option value=\"Cusco\" >Cusco<\/option><option value=\"Arequipa\" >Arequipa<\/option><\/select><\/div><div class=\"jet-form-col jet-form-col-6  field-type-select  jet-form-field-container\" data-field=\"field_program_volunteer\" data-conditional=\"false\"><div class=\"jet-form__label\">\n\t<span class=\"jet-form__label-text\" >Program you wish to volunteer in<span class=\"jet-form__required\">*<\/span><\/span>\n\t<\/div><select  required=\"required\" name=\"field_program_volunteer\" data-field-name=\"field_program_volunteer\" id=\"field_program_volunteer\" data-default-val=\"\" class=\"jet-form__field select-field\"><option value=\"\" selected>-Select-<\/option><option value=\"Animal Care \/ Dog Care\" >Animal Care \/ Dog Care<\/option><option value=\"Childcare\" >Childcare<\/option><option value=\"Cultural Immersion\" >Cultural Immersion<\/option><option value=\"Dental Care\" >Dental Care<\/option><option value=\"Healthcare \/ Medical\" >Healthcare \/ Medical<\/option><option value=\"Jungle Conservation\" >Jungle Conservation<\/option><option value=\"Music Project\" >Music Project<\/option><option value=\"Physical Therapy\" >Physical Therapy<\/option><option value=\"Sport Education\" >Sport Education<\/option><option value=\"Sustainable Development\" >Sustainable Development<\/option><option value=\"Teaching English\" >Teaching English<\/option><\/select><\/div><\/div><div class=\"jet-form__divider\"><\/div><div  class=\"jet-form-row\"><div class=\"jet-form-col jet-form-col-6  field-type-select  jet-form-field-container\" data-field=\"field_helping_travel\" data-conditional=\"false\"><div class=\"jet-form__label\">\n\t<span class=\"jet-form__label-text\" >Are you interested in any Helping and Traveling package?<span class=\"jet-form__required\">*<\/span><\/span>\n\t<\/div><select  required=\"required\" name=\"field_helping_travel\" data-field-name=\"field_helping_travel\" id=\"field_helping_travel\" data-default-val=\"\" class=\"jet-form__field select-field\"><option value=\"\" selected>-Select-<\/option><option value=\"Yes\" >Yes<\/option><option value=\"No\" >No<\/option><\/select><\/div><div class=\"jet-form-col jet-form-col-6  field-type-select  jet-form-field-container\" data-field=\"field_select_package\" data-conditional=\"[{&quot;type&quot;:&quot;show&quot;,&quot;field&quot;:&quot;field_helping_travel&quot;,&quot;operator&quot;:&quot;equal&quot;,&quot;value&quot;:&quot;Yes&quot;,&quot;set_value&quot;:&quot;Yes&quot;}]\"><div class=\"jet-form__label\">\n\t<span class=\"jet-form__label-text\" >Select the package<\/span>\n\t<\/div><select  name=\"field_select_package\" data-field-name=\"field_select_package\" id=\"field_select_package\" data-default-val=\"\" class=\"jet-form__field select-field\"><option value=\"Helping And Travel 1 \" >Helping And Travel 1 <\/option><option value=\"Helping And Travel 2\" >Helping And Travel 2<\/option><option value=\"Helping And Travel 3\" >Helping And Travel 3<\/option><option value=\"Helping And Travel 4\" >Helping And Travel 4<\/option><\/select><\/div><\/div><div class=\"jet-form__divider\"><\/div><div  class=\"jet-form-row\"><div class=\"jet-form-col jet-form-col-6  field-type-text  jet-form-field-container\" data-field=\"field_time_volunteer\" data-conditional=\"false\"><div class=\"jet-form__label\">\n\t<span class=\"jet-form__label-text\" >How long do you wish to volunteer for?<span class=\"jet-form__required\">*<\/span><\/span>\n\t<\/div><input class=\"jet-form__field text-field \" value=\"\" required=\"required\" name=\"field_time_volunteer\" id=\"field_time_volunteer\" type=\"text\" data-field-name=\"field_time_volunteer\"><\/div><div class=\"jet-form-col jet-form-col-6  field-type-text  jet-form-field-container\" data-field=\"field_nominated_start\" data-conditional=\"false\"><div class=\"jet-form__label\">\n\t<span class=\"jet-form__label-text\" >Nominated start date (dd\/mm\/yyyy)<span class=\"jet-form__required\">*<\/span><\/span>\n\t<\/div><input class=\"jet-form__field text-field \" placeholder=\" (dd\/mm\/yyyy)\" value=\"\" required=\"required\" name=\"field_nominated_start\" id=\"field_nominated_start\" type=\"text\" data-field-name=\"field_nominated_start\"><\/div><\/div><div class=\"jet-form__divider\"><\/div><div  class=\"jet-form-row\"><div class=\"jet-form-col jet-form-col-6  field-type-text  jet-form-field-container\" data-field=\"field_qualification\" data-conditional=\"false\"><div class=\"jet-form__label\">\n\t<span class=\"jet-form__label-text\" >Highest Qualification<\/span>\n\t<\/div><input class=\"jet-form__field text-field \" value=\"\" name=\"field_qualification\" id=\"field_qualification\" type=\"text\" data-field-name=\"field_qualification\"><\/div><div class=\"jet-form-col jet-form-col-6  field-type-text  jet-form-field-container\" data-field=\"field_language\" data-conditional=\"false\"><div class=\"jet-form__label\">\n\t<span class=\"jet-form__label-text\" >Language(s) spoken<\/span>\n\t<\/div><input class=\"jet-form__field text-field \" value=\"\" name=\"field_language\" id=\"field_language\" type=\"text\" data-field-name=\"field_language\"><\/div><\/div><div class=\"jet-form__divider\"><\/div><div  class=\"jet-form-row\"><div class=\"jet-form-col jet-form-col-12  field-type-text  jet-form-field-container\" data-field=\"field_occupation\" data-conditional=\"false\"><div class=\"jet-form__label\">\n\t<span class=\"jet-form__label-text\" >Occupation<\/span>\n\t<\/div><input class=\"jet-form__field text-field \" value=\"\" name=\"field_occupation\" id=\"field_occupation\" type=\"text\" data-field-name=\"field_occupation\"><\/div><\/div><div class=\"jet-form__divider\"><\/div><div  class=\"jet-form-row\"><div class=\"jet-form-col jet-form-col-6  field-type-textarea  jet-form-field-container\" data-field=\"field_previos_experience\" data-conditional=\"false\"><div class=\"jet-form__label\">\n\t<span class=\"jet-form__label-text\" >Previous travel experience<\/span>\n\t<\/div><textarea class=\"jet-form__field textarea-field\" name=\"field_previos_experience\" data-field-name=\"field_previos_experience\" id=\"field_previos_experience\"><\/textarea><\/div><div class=\"jet-form-col jet-form-col-6  field-type-textarea  jet-form-field-container\" data-field=\"field_comments\" data-conditional=\"false\"><div class=\"jet-form__label\">\n\t<span class=\"jet-form__label-text\" >Comments<\/span>\n\t<\/div><textarea class=\"jet-form__field textarea-field\" name=\"field_comments\" data-field-name=\"field_comments\" id=\"field_comments\"><\/textarea><\/div><\/div><div class=\"jet-form__divider\"><\/div><div  class=\"jet-form-row\"><div class=\"jet-form-col jet-form-col-12  field-type-heading encabezado-titulos jet-form-field-container\" data-field=\"heading_copy_copy\" data-conditional=\"false\"><div class=\"jet-form__heading\">\n\t<span class=\"jet-form__label-text\" >3. Agreement<\/span>\n\t<\/div><\/div><\/div><div class=\"jet-form__divider\"><\/div><div  class=\"jet-form-row\"><div class=\"jet-form-col jet-form-col-12  field-type-heading  jet-form-field-container\" data-field=\"heading\" data-conditional=\"false\"><div class=\"jet-form__heading\">\n\t<span class=\"jet-form__label-text\" >Please, read the PV Travel legal terms and conditions. <a href=\"https:\/\/www.peruvolunteerandtravel.com\/terms-and-conditions\/\" target=\"_blank\">Click here!<\/a><\/span>\n\t<\/div><\/div><\/div><div class=\"jet-form__divider\"><\/div><div  class=\"jet-form-row\"><div class=\"jet-form-col jet-form-col-6  field-type-checkboxes  jet-form-field-container\" data-field=\"field_terms\" data-conditional=\"false\"><div class=\"jet-form__label\">\n\t<span class=\"jet-form__label-text\" >I have read and agree to the PV Travel legal terms and conditions<span class=\"jet-form__required\">*<\/span><\/span>\n\t<\/div><div class=\"jet-form__fields-group checkradio-wrap\">\t\t<div class=\"jet-form__field-wrap checkboxes-wrap checkradio-wrap\">\n\t\t\t\t\t\t<label class=\"jet-form__field-label\">\n\t\t\t\t<input\n\t\t\t\t\ttype=\"checkbox\"\n\t\t\t\t\tname=\"field_terms\"\n\t\t\t\t\tclass=\"jet-form__field checkboxes-field checkradio-field checkboxes-required\"\n\t\t\t\t\tvalue=\"I agree\"\n\t\t\t\t\tdata-field-name=\"field_terms\"\n\t\t\t\t\t\t\t\t\t\trequired=\"required\"\t\t\t\t\t\t\t\t\t>\n\t\t\t\tI agree\t\t\t<\/label>\n\t\t<\/div>\n\t\t<\/div><\/div><\/div><div  class=\"jet-form-row jet-form-row--hidden\"><div class=\"jet-form-col jet-form-col-12  field-type-hidden  jet-form-field-container\" data-field=\"post_id\" data-conditional=\"false\"><input class=\"jet-form__field hidden-field\" type=\"hidden\" name=\"post_id\" value=\"542\" data-field-name=\"post_id\"><\/div><\/div><div class=\"jet-form__divider\"><\/div><div  class=\"jet-form-row jet-form-row--submit\"><div class=\"jet-form-col jet-form-col-12  field-type-submit  jet-form-field-container\" data-field=\"Submit\" data-conditional=\"false\"><div class=\"jet-form__submit-wrap\">\n\t\t<button class=\"jet-form__submit submit-type-reload\" type=\"submit\">APPLY NOW!<\/button>\n<\/div><\/div><\/div><input class=\"jet-form__field hidden-field\" type=\"hidden\" name=\"_jet_engine_nonce\" value=\"3c05ae746a\" data-field-name=\"_jet_engine_nonce\"><\/form>\t\t\t\t<\/div>\n\t\t\t\t<\/div>\n\t\t\t\t\t<\/div>\n\t\t<\/div>\n\t\t\t\t\t<\/div>\n\t\t<\/section>\n\t\t\t\t<\/div>\n\t\t","protected":false},"excerpt":{"rendered":"<p>Aplicar en L\u00ednea SOLICITUD PARA SER VOLUNTARIO Esta es una solicitud de programa. Para solicitar informaci\u00f3n, porfavor click aqu\u00ed! 1. Personal Information Nombre* Apellido* N\u00famero de pasaporte o documento de identidad Correo eletr\u00f3nico* N\u00famero de celular* Direcci\u00f3n Postal Pueblo \/ Ciudad* Estado C\u00f3digo postal Pa\u00eds* G\u00e9nero* -Select-MaleFemale Fecha de nacimiento* 2. Detalles del programa \u00bfEn [&hellip;]<\/p>\n","protected":false},"author":1,"featured_media":0,"parent":0,"menu_order":0,"comment_status":"closed","ping_status":"closed","template":"","meta":{"_acf_changed":false,"site-sidebar-layout":"no-sidebar","site-content-layout":"page-builder","ast-site-content-layout":"default","site-content-style":"default","site-sidebar-style":"default","ast-global-header-display":"","ast-banner-title-visibility":"","ast-main-header-display":"","ast-hfb-above-header-display":"","ast-hfb-below-header-display":"","ast-hfb-mobile-header-display":"","site-post-title":"disabled","ast-breadcrumbs-content":"","ast-featured-img":"disabled","footer-sml-layout":"","ast-disable-related-posts":"","theme-transparent-header-meta":"default","adv-header-id-meta":"","stick-header-meta":"","header-above-stick-meta":"","header-main-stick-meta":"","header-below-stick-meta":"","astra-migrate-meta-layouts":"set","ast-page-background-enabled":"default","ast-page-background-meta":{"desktop":{"background-color":"var(--ast-global-color-4)","background-image":"","background-repeat":"repeat","background-position":"center center","background-size":"auto","background-attachment":"scroll","background-type":"","background-media":"","overlay-type":"","overlay-color":"","overlay-opacity":"","overlay-gradient":""},"tablet":{"background-color":"","background-image":"","background-repeat":"repeat","background-position":"center center","background-size":"auto","background-attachment":"scroll","background-type":"","background-media":"","overlay-type":"","overlay-color":"","overlay-opacity":"","overlay-gradient":""},"mobile":{"background-color":"","background-image":"","background-repeat":"repeat","background-position":"center center","background-size":"auto","background-attachment":"scroll","background-type":"","background-media":"","overlay-type":"","overlay-color":"","overlay-opacity":"","overlay-gradient":""}},"ast-content-background-meta":{"desktop":{"background-color":"var(--ast-global-color-5)","background-image":"","background-repeat":"repeat","background-position":"center center","background-size":"auto","background-attachment":"scroll","background-type":"","background-media":"","overlay-type":"","overlay-color":"","overlay-opacity":"","overlay-gradient":""},"tablet":{"background-color":"var(--ast-global-color-5)","background-image":"","background-repeat":"repeat","background-position":"center center","background-size":"auto","background-attachment":"scroll","background-type":"","background-media":"","overlay-type":"","overlay-color":"","overlay-opacity":"","overlay-gradient":""},"mobile":{"background-color":"var(--ast-global-color-5)","background-image":"","background-repeat":"repeat","background-position":"center center","background-size":"auto","background-attachment":"scroll","background-type":"","background-media":"","overlay-type":"","overlay-color":"","overlay-opacity":"","overlay-gradient":""}},"footnotes":""},"class_list":["post-542","page","type-page","status-publish","hentry"],"acf":[],"_links":{"self":[{"href":"https:\/\/www.peruvolunteerandtravel.com\/es\/wp-json\/wp\/v2\/pages\/542","targetHints":{"allow":["GET"]}}],"collection":[{"href":"https:\/\/www.peruvolunteerandtravel.com\/es\/wp-json\/wp\/v2\/pages"}],"about":[{"href":"https:\/\/www.peruvolunteerandtravel.com\/es\/wp-json\/wp\/v2\/types\/page"}],"author":[{"embeddable":true,"href":"https:\/\/www.peruvolunteerandtravel.com\/es\/wp-json\/wp\/v2\/users\/1"}],"replies":[{"embeddable":true,"href":"https:\/\/www.peruvolunteerandtravel.com\/es\/wp-json\/wp\/v2\/comments?post=542"}],"version-history":[{"count":8,"href":"https:\/\/www.peruvolunteerandtravel.com\/es\/wp-json\/wp\/v2\/pages\/542\/revisions"}],"predecessor-version":[{"id":6884,"href":"https:\/\/www.peruvolunteerandtravel.com\/es\/wp-json\/wp\/v2\/pages\/542\/revisions\/6884"}],"wp:attachment":[{"href":"https:\/\/www.peruvolunteerandtravel.com\/es\/wp-json\/wp\/v2\/media?parent=542"}],"curies":[{"name":"wp","href":"https:\/\/api.w.org\/{rel}","templated":true}]}}